{"id":1313,"date":"2019-02-04T10:13:10","date_gmt":"2019-02-04T10:13:10","guid":{"rendered":"https:\/\/zidex.modeltheme.com\/?page_id=1313"},"modified":"2025-05-19T23:52:16","modified_gmt":"2025-05-19T20:52:16","slug":"where-we-are","status":"publish","type":"page","link":"http:\/\/hidro-tekmakina.com\/index.php\/where-we-are\/","title":{"rendered":"Where we are"},"content":{"rendered":"<div class=\"wpb-content-wrapper\"><p>[vc_row][vc_column]<div class=\"title-subtile-holder  animateIn text_left title_subtitle_style_v2 subtitle_right\" data-animate=\"no_animation\"><h1 style=\"\" class=\"section-title light_title\">Geni\u015f Hizmet A\u011f\u0131yla Yan\u0131n\u0131zday\u0131z<\/h1><div style=\"\" class=\"section-subtitle light_subtitle\">Size en yak\u0131n \u00e7\u00f6z\u00fcm orta\u011f\u0131n\u0131z!<\/div><\/div>[\/vc_column][\/vc_row][vc_row][vc_column][vc_single_image image=&#8221;3449&#8243; img_size=&#8221;FULL&#8221; alignment=&#8221;center&#8221; css=&#8221;&#8221; title=&#8221;T\u00dcRK\u0130YE&#8221;][\/vc_column][\/vc_row]<\/p>\n<\/div>","protected":false},"excerpt":{"rendered":"<p>[vc_row][vc_column][\/vc_column][\/vc_row][vc_row][vc_column][vc_single_image image=&#8221;3449&#8243; img_size=&#8221;FULL&#8221; alignment=&#8221;center&#8221; css=&#8221;&#8221; title=&#8221;T\u00dcRK\u0130YE&#8221;][\/vc_column][\/vc_row]<\/p>\n","protected":false},"author":1,"featured_media":0,"parent":0,"menu_order":0,"comment_status":"closed","ping_status":"closed","template":"","meta":{"footnotes":""},"class_list":["post-1313","page","type-page","status-publish","hentry"],"jetpack_sharing_enabled":true,"_links":{"self":[{"href":"http:\/\/hidro-tekmakina.com\/index.php\/wp-json\/wp\/v2\/pages\/1313","targetHints":{"allow":["GET"]}}],"collection":[{"href":"http:\/\/hidro-tekmakina.com\/index.php\/wp-json\/wp\/v2\/pages"}],"about":[{"href":"http:\/\/hidro-tekmakina.com\/index.php\/wp-json\/wp\/v2\/types\/page"}],"author":[{"embeddable":true,"href":"http:\/\/hidro-tekmakina.com\/index.php\/wp-json\/wp\/v2\/users\/1"}],"replies":[{"embeddable":true,"href":"http:\/\/hidro-tekmakina.com\/index.php\/wp-json\/wp\/v2\/comments?post=1313"}],"version-history":[{"count":1,"href":"http:\/\/hidro-tekmakina.com\/index.php\/wp-json\/wp\/v2\/pages\/1313\/revisions"}],"predecessor-version":[{"id":3450,"href":"http:\/\/hidro-tekmakina.com\/index.php\/wp-json\/wp\/v2\/pages\/1313\/revisions\/3450"}],"wp:attachment":[{"href":"http:\/\/hidro-tekmakina.com\/index.php\/wp-json\/wp\/v2\/media?parent=1313"}],"curies":[{"name":"wp","href":"https:\/\/api.w.org\/{rel}","templated":true}]}}