{"id":3011,"date":"2024-09-30T02:12:36","date_gmt":"2024-09-29T23:12:36","guid":{"rendered":"http:\/\/hidro-tekmakina.com\/?page_id=3011"},"modified":"2025-05-23T01:27:32","modified_gmt":"2025-05-22T22:27:32","slug":"kiralikmakina","status":"publish","type":"page","link":"http:\/\/hidro-tekmakina.com\/index.php\/kiralikmakina\/","title":{"rendered":"K\u0130RALIK MAK\u0130NA"},"content":{"rendered":"<div class=\"wpb-content-wrapper\"><p>[vc_row][vc_column width=&#8221;1\/12&#8243; offset=&#8221;vc_col-lg-offset-0 vc_col-lg-12 vc_col-xs-offset-1&#8243; css=&#8221;.vc_custom_1747952610184{margin-top: 0px !important;}&#8221;][vc_row_inner][vc_column_inner]<div class=\"title-subtile-holder  animateIn text_left title_subtitle_style_v2 subtitle_right\" data-animate=\"no_animation\"><h3 style=\"\" class=\"section-title dark_title\">K\u0130RALIK MAK\u0130NA<\/h3><div style=\"\" class=\"section-subtitle dark_subtitle\">K\u0130RALIK MAK\u0130NA \u0130\u00c7\u0130N TEKL\u0130F AL!<\/div><\/div>[\/vc_column_inner][\/vc_row_inner][\/vc_column][\/vc_row][vc_row][vc_column css=&#8221;.vc_custom_1747951923550{margin-top: -100px !important;}&#8221;]<div class=\"woocommerce columns-4 \"><ul class=\"products columns-4\">\n<li class=\"product type-product post-3141 status-publish first instock product_cat-kiralikmakina product_tag-bobcat-makina product_tag-bobcat-s450 product_tag-kiralik-makina product_tag-s450 has-post-thumbnail shipping-taxable product-type-simple\">\n\t<a href=\"http:\/\/hidro-tekmakina.com\/index.php\/product\/s450\/\" class=\"woocommerce-LoopProduct-link woocommerce-loop-product__link\"><img loading=\"lazy\" decoding=\"async\" width=\"300\" height=\"300\" src=\"http:\/\/hidro-tekmakina.com\/wp-content\/uploads\/2024\/11\/BOBCAT-S450-KIRALIK-300x300.jpeg\" class=\"attachment-woocommerce_thumbnail size-woocommerce_thumbnail\" alt=\"\" srcset=\"http:\/\/hidro-tekmakina.com\/wp-content\/uploads\/2024\/11\/BOBCAT-S450-KIRALIK-300x300.jpeg 300w, http:\/\/hidro-tekmakina.com\/wp-content\/uploads\/2024\/11\/BOBCAT-S450-KIRALIK-150x150.jpeg 150w, http:\/\/hidro-tekmakina.com\/wp-content\/uploads\/2024\/11\/BOBCAT-S450-KIRALIK-100x100.jpeg 100w\" sizes=\"auto, (max-width: 300px) 100vw, 300px\" \/><h2 class=\"woocommerce-loop-product__title\">BOBCAT S450<\/h2>\n<\/a><a class=\"wqoecf_enquiry_button\" href=\"javascript:void(0)\"  data-product-id=\"3141\" data-product-title=\"BOBCAT S450\" data-product-sku=\"\"><span class=\"wqoecf_eq_icon\"><\/span>TEKL\u0130F AL<\/a>\t<span id=\"woocommerce_loop_add_to_cart_link_describedby_3141\" class=\"screen-reader-text\">\n\t\t\t<\/span>\n<\/li>\n<\/ul>\n<\/div>[\/vc_column][\/vc_row]<\/p>\n<\/div>","protected":false},"excerpt":{"rendered":"<p>[vc_row][vc_column width=&#8221;1\/12&#8243; offset=&#8221;vc_col-lg-offset-0 vc_col-lg-12 vc_col-xs-offset-1&#8243; css=&#8221;.vc_custom_1747952610184{margin-top: 0px !important;}&#8221;][vc_row_inner][vc_column_inner][\/vc_column_inner][\/vc_row_inner][\/vc_column][\/vc_row][vc_row][vc_column css=&#8221;.vc_custom_1747951923550{margin-top: -100px !important;}&#8221;][\/vc_column][\/vc_row]<\/p>\n","protected":false},"author":1,"featured_media":0,"parent":0,"menu_order":0,"comment_status":"closed","ping_status":"closed","template":"","meta":{"footnotes":""},"class_list":["post-3011","page","type-page","status-publish","hentry"],"jetpack_sharing_enabled":true,"_links":{"self":[{"href":"http:\/\/hidro-tekmakina.com\/index.php\/wp-json\/wp\/v2\/pages\/3011","targetHints":{"allow":["GET"]}}],"collection":[{"href":"http:\/\/hidro-tekmakina.com\/index.php\/wp-json\/wp\/v2\/pages"}],"about":[{"href":"http:\/\/hidro-tekmakina.com\/index.php\/wp-json\/wp\/v2\/types\/page"}],"author":[{"embeddable":true,"href":"http:\/\/hidro-tekmakina.com\/index.php\/wp-json\/wp\/v2\/users\/1"}],"replies":[{"embeddable":true,"href":"http:\/\/hidro-tekmakina.com\/index.php\/wp-json\/wp\/v2\/comments?post=3011"}],"version-history":[{"count":13,"href":"http:\/\/hidro-tekmakina.com\/index.php\/wp-json\/wp\/v2\/pages\/3011\/revisions"}],"predecessor-version":[{"id":3544,"href":"http:\/\/hidro-tekmakina.com\/index.php\/wp-json\/wp\/v2\/pages\/3011\/revisions\/3544"}],"wp:attachment":[{"href":"http:\/\/hidro-tekmakina.com\/index.php\/wp-json\/wp\/v2\/media?parent=3011"}],"curies":[{"name":"wp","href":"https:\/\/api.w.org\/{rel}","templated":true}]}}