{"id":331,"date":"2018-11-28T10:53:11","date_gmt":"2018-11-28T10:53:11","guid":{"rendered":"http:\/\/zidex.modeltheme.com\/?page_id=331"},"modified":"2025-05-26T13:34:14","modified_gmt":"2025-05-26T10:34:14","slug":"iletisim","status":"publish","type":"page","link":"http:\/\/hidro-tekmakina.com\/index.php\/iletisim\/","title":{"rendered":"\u0130LET\u0130\u015e\u0130M"},"content":{"rendered":"<div class=\"wpb-content-wrapper\"><p>[vc_row full_width=&#8221;stretch_row&#8221; css=&#8221;.vc_custom_1544110376464{margin-top: 0px !important;margin-bottom: 0px !important;padding-top: 120px !important;padding-bottom: 120px !important;background-color: #fafafa !important;}&#8221; el_class=&#8221;zidex-contact-page-contact&#8221;][vc_column css=&#8221;.vc_custom_1543482862966{padding-top: 0px !important;padding-right: 0px !important;padding-bottom: 0px !important;padding-left: 0px !important;}&#8221;][vc_row_inner][vc_column_inner]<div class=\"title-subtile-holder  animateIn text_left title_subtitle_style_v2 subtitle_right\" data-animate=\"no_animation\"><h3 style=\"\" class=\"section-title dark_title\">Bizimle \u0130leti\u015fime Ge\u00e7in<\/h3><div style=\"\" class=\"section-subtitle dark_subtitle\">Size yard\u0131mc\u0131 olmak i\u00e7in buraday\u0131z!<\/div><\/div>[\/vc_column_inner][\/vc_row_inner][vc_row_inner css=&#8221;.vc_custom_1543420198704{margin-bottom: 0px !important;}&#8221;][vc_column_inner el_class=&#8221;zidex-contact-page-contact-form&#8221; width=&#8221;7\/12&#8243; css=&#8221;.vc_custom_1544110619108{padding-right: 30px !important;}&#8221;]\n<div class=\"wpcf7 no-js\" id=\"wpcf7-f3557-o1\" lang=\"tr-TR\" dir=\"ltr\">\n<div class=\"screen-reader-response\"><p role=\"status\" aria-live=\"polite\" aria-atomic=\"true\"><\/p> <ul><\/ul><\/div>\n<form action=\"\/index.php\/wp-json\/wp\/v2\/pages\/331#wpcf7-f3557-o1\" method=\"post\" class=\"wpcf7-form init\" aria-label=\"\u0130leti\u015fim Formu\" novalidate=\"novalidate\" data-status=\"init\">\n<div style=\"display: none;\">\n<input type=\"hidden\" name=\"_wpcf7\" value=\"3557\" \/>\n<input type=\"hidden\" name=\"_wpcf7_version\" value=\"5.9.8\" \/>\n<input type=\"hidden\" name=\"_wpcf7_locale\" value=\"tr_TR\" \/>\n<input type=\"hidden\" name=\"_wpcf7_unit_tag\" value=\"wpcf7-f3557-o1\" \/>\n<input type=\"hidden\" name=\"_wpcf7_container_post\" value=\"0\" \/>\n<input type=\"hidden\" name=\"_wpcf7_posted_data_hash\" value=\"\" \/>\n<input type=\"hidden\" name=\"_wpcf7_recaptcha_response\" value=\"\" \/>\n<\/div>\n<div class=\"zidex-quote zidex-quote-sidebar\">\n\t<div class=\"col-md-12 col-sm-12 zidex-quote-top\">\n\t\t<div class=\"col-md-3 col-xs-3 col-sm-5 zidex-quote-top-icon\">\n\t\t\t<p><img decoding=\"async\" src=\"https:\/\/zidex.modeltheme.com\/wp-content\/uploads\/2018\/11\/worker-1.png\" alt=\"worker\" \/>\n\t\t\t<\/p>\n\t\t<\/div>\n\t\t<div class=\"col-md-9 col-xs-9 col-sm-7 zidex-quote-top-title\">\n\t\t\t<h3>\u0130leti\u015fim Formu\n\t\t\t<\/h3>\n\t\t<\/div>\n\t<\/div>\n\t<div class=\"col-md-12 zidex-quote-content\">\n\t\t<div class=\"col-md-12\">\n\t\t\t<p><label><span class=\"wpcf7-form-control-wrap\" data-name=\"your-name\"><input size=\"40\" maxlength=\"400\" class=\"wpcf7-form-control wpcf7-text wpcf7-validates-as-required\" aria-required=\"true\" aria-invalid=\"false\" placeholder=\"Ad\u0131n\u0131z (Zorunlu)\" value=\"\" type=\"text\" name=\"your-name\" \/><\/span><\/label>\n\t\t\t<\/p>\n\t\t<\/div>\n\t\t<div class=\"col-md-12\">\n\t\t\t<p><label><span class=\"wpcf7-form-control-wrap\" data-name=\"your-email\"><input size=\"40\" maxlength=\"400\" class=\"wpcf7-form-control wpcf7-email wpcf7-validates-as-required wpcf7-text wpcf7-validates-as-email\" aria-required=\"true\" aria-invalid=\"false\" placeholder=\"E-posta Adresiniz (Zorunlu)\" value=\"\" type=\"email\" name=\"your-email\" \/><\/span><\/label>\n\t\t\t<\/p>\n\t\t<\/div>\n\t\t<div class=\"col-md-12\">\n\t\t\t<p><label><span class=\"wpcf7-form-control-wrap\" data-name=\"phone\"><input size=\"40\" maxlength=\"400\" class=\"wpcf7-form-control wpcf7-tel wpcf7-text wpcf7-validates-as-tel\" aria-invalid=\"false\" placeholder=\"Telefon Numaran\u0131z (Opsiyonel)\" value=\"\" type=\"tel\" name=\"phone\" \/><\/span><\/label>\n\t\t\t<\/p>\n\t\t<\/div>\n\t\t<div class=\"col-md-12\">\n\t\t\t<p><label><span class=\"wpcf7-form-control-wrap\" data-name=\"message\"><textarea cols=\"40\" rows=\"10\" maxlength=\"2000\" class=\"wpcf7-form-control wpcf7-textarea wpcf7-validates-as-required\" aria-required=\"true\" aria-invalid=\"false\" placeholder=\"Mesaj\u0131n\u0131z (Zorunlu)\" name=\"message\"><\/textarea><\/span><\/label>\n\t\t\t<\/p>\n\t\t<\/div>\n\t\n\t\t<div class=\"col-md-12\">\n\t\t\t<p><button type=\"submit\" class=\"wpcf7-form-control wpcf7-submit\">G\u00f6nder<\/button>\n\t\t\t<\/p>\n\t\t<\/div>\n\t<\/div>\n<\/div><div class=\"wpcf7-response-output\" aria-hidden=\"true\"><\/div>\n<\/form>\n<\/div>\n[\/vc_column_inner][vc_column_inner width=&#8221;5\/12&#8243; css=&#8221;.vc_custom_1548167433041{padding-top: 15px !important;padding-left: 30px !important;}&#8221;][vc_column_text css=&#8221;&#8221; el_class=&#8221;zidex-contact-address&#8221;]<\/p>\n<h4 style=\"font-weight: bold; line-height: 28px; color: #151515;\">Adres:<\/h4>\n<div class=\"place-name\">Hidro-tek Makina<\/div>\n<div class=\"address\">F\u0131rat Mah. 3. Sanayi Sitesi, 7. Sk. N\/1 Blok No:15, 21070 Kayap\u0131nar\/Diyarbak\u0131r<\/div>\n<h4 style=\"font-weight: bold; line-height: 28px; color: #151515;\">Email:<\/h4>\n<p style=\"margin-bottom: 30px;\"><a href=\"mailto:destek@hidro-tekmakina.com\">destek@hidro-tekmakina.com<\/a><br \/>\n<a href=\"mailto:support@example.com\" target=\"_top\" rel=\"noopener noreferrer\">hidro-tek@hotmail.com<\/a><\/p>\n<h4 style=\"font-weight: bold; line-height: 28px; color: #151515;\">Telefon:<\/h4>\n<p>mobil: <a href=\"tel:0007554332322\">+90 535 789 3653<\/a><br \/>\nmobil 2: <a href=\"tel:0006444646442\">+90 532 132 1165<\/a>[\/vc_column_text][\/vc_column_inner][\/vc_row_inner][\/vc_column][\/vc_row][vc_row full_width=&#8221;stretch_row_content_no_spaces&#8221; css=&#8221;.vc_custom_1543420107341{margin-bottom: 0px !important;padding-top: 0px !important;}&#8221;][vc_column css=&#8221;.vc_custom_1543419859271{padding-top: 0px !important;}&#8221;][vc_gmaps link=&#8221;#E-8_JTNDaWZyYW1lJTIwc3JjJTNEJTIyaHR0cHMlM0ElMkYlMkZ3d3cuZ29vZ2xlLmNvbSUyRm1hcHMlMkZlbWJlZCUzRnBiJTNEJTIxMW0xOCUyMTFtMTIlMjExbTMlMjExZDMxNDcuMzI3MTIxNTA1OTc4JTIxMmQ0MC4xMzkzOTcxJTIxM2QzNy45MjI3ODc3JTIxMm0zJTIxMWYwJTIxMmYwJTIxM2YwJTIxM20yJTIxMWkxMDI0JTIxMmk3NjglMjE0ZjEzLjElMjEzbTMlMjExbTIlMjExczB4NDA3NTFlZGRlODc1MmU3ZiUyNTNBMHgyYTIyNDY5MzQ5NGYxMzk5JTIxMnNIaWRyby10ZWslMjUyME1ha2luYSUyMTVlMCUyMTNtMiUyMTFzdHIlMjEyc3RyJTIxNHYxNzI1ODM5MTM2NDQyJTIxNW0yJTIxMXN0ciUyMTJzdHIlMjIlMjB3aWR0aCUzRCUyMjYwMCUyMiUyMGhlaWdodCUzRCUyMjQ1MCUyMiUyMHN0eWxlJTNEJTIyYm9yZGVyJTNBMCUzQiUyMiUyMGFsbG93ZnVsbHNjcmVlbiUzRCUyMiUyMiUyMGxvYWRpbmclM0QlMjJsYXp5JTIyJTIwcmVmZXJyZXJwb2xpY3klM0QlMjJuby1yZWZlcnJlci13aGVuLWRvd25ncmFkZSUyMiUzRSUzQyUyRmlmcmFtZSUzRQ==&#8221; css=&#8221;.vc_custom_1725839215773{margin-bottom: 0px !important;}&#8221;][\/vc_column][\/vc_row]<\/p>\n<\/div>","protected":false},"excerpt":{"rendered":"<p>[vc_row full_width=&#8221;stretch_row&#8221; css=&#8221;.vc_custom_1544110376464{margin-top: 0px !important;margin-bottom: 0px !important;padding-top: 120px !important;padding-bottom: 120px !important;background-color: #fafafa !important;}&#8221; el_class=&#8221;zidex-contact-page-contact&#8221;][vc_column css=&#8221;.vc_custom_1543482862966{padding-top: 0px !important;padding-right: 0px !important;padding-bottom: 0px !important;padding-left: 0px !important;}&#8221;][vc_row_inner][vc_column_inner][\/vc_column_inner][\/vc_row_inner][vc_row_inner css=&#8221;.vc_custom_1543420198704{margin-bottom: 0px !important;}&#8221;][vc_column_inner el_class=&#8221;zidex-contact-page-contact-form&#8221; width=&#8221;7\/12&#8243; css=&#8221;.vc_custom_1544110619108{padding-right: 30px !important;}&#8221;][\/vc_column_inner][vc_column_inner width=&#8221;5\/12&#8243; css=&#8221;.vc_custom_1548167433041{padding-top: 15px !important;padding-left: 30px !important;}&#8221;][vc_column_text css=&#8221;&#8221; el_class=&#8221;zidex-contact-address&#8221;] Adres: Hidro-tek Makina F\u0131rat Mah. 3. Sanayi Sitesi, 7. Sk. N\/1 Blok No:15, 21070 Kayap\u0131nar\/Diyarbak\u0131r Email: [&hellip;]<\/p>\n","protected":false},"author":1,"featured_media":0,"parent":0,"menu_order":0,"comment_status":"closed","ping_status":"closed","template":"","meta":{"footnotes":""},"class_list":["post-331","page","type-page","status-publish","hentry"],"jetpack_sharing_enabled":true,"_links":{"self":[{"href":"http:\/\/hidro-tekmakina.com\/index.php\/wp-json\/wp\/v2\/pages\/331","targetHints":{"allow":["GET"]}}],"collection":[{"href":"http:\/\/hidro-tekmakina.com\/index.php\/wp-json\/wp\/v2\/pages"}],"about":[{"href":"http:\/\/hidro-tekmakina.com\/index.php\/wp-json\/wp\/v2\/types\/page"}],"author":[{"embeddable":true,"href":"http:\/\/hidro-tekmakina.com\/index.php\/wp-json\/wp\/v2\/users\/1"}],"replies":[{"embeddable":true,"href":"http:\/\/hidro-tekmakina.com\/index.php\/wp-json\/wp\/v2\/comments?post=331"}],"version-history":[{"count":8,"href":"http:\/\/hidro-tekmakina.com\/index.php\/wp-json\/wp\/v2\/pages\/331\/revisions"}],"predecessor-version":[{"id":3560,"href":"http:\/\/hidro-tekmakina.com\/index.php\/wp-json\/wp\/v2\/pages\/331\/revisions\/3560"}],"wp:attachment":[{"href":"http:\/\/hidro-tekmakina.com\/index.php\/wp-json\/wp\/v2\/media?parent=331"}],"curies":[{"name":"wp","href":"https:\/\/api.w.org\/{rel}","templated":true}]}}