{"id":3141,"date":"2024-11-24T17:00:30","date_gmt":"2024-11-24T14:00:30","guid":{"rendered":"http:\/\/hidro-tekmakina.com\/?post_type=product&#038;p=3141"},"modified":"2025-05-23T01:15:58","modified_gmt":"2025-05-22T22:15:58","slug":"s450","status":"publish","type":"product","link":"http:\/\/hidro-tekmakina.com\/index.php\/product\/s450\/","title":{"rendered":"BOBCAT S450"},"content":{"rendered":"","protected":false},"excerpt":{"rendered":"<p data-start=\"123\" data-end=\"159\"><strong data-start=\"123\" data-end=\"159\">Kiral\u0131k Bobcat S450 &#8211; 2022 Model<\/strong><\/p>\n<p data-start=\"161\" data-end=\"373\">\u2705 Kompakt yap\u0131s\u0131yla dar alanlarda y\u00fcksek manevra kabiliyeti<br data-start=\"220\" data-end=\"223\" \/>\u2705 G\u00fc\u00e7l\u00fc motor performans\u0131 ve yak\u0131t verimlili\u011fi<br data-start=\"269\" data-end=\"272\" \/>\u2705 Bak\u0131mlar\u0131 d\u00fczenli yap\u0131lm\u0131\u015f, \u00e7al\u0131\u015fmaya haz\u0131r durumda<br data-start=\"325\" data-end=\"328\" \/>\u2705 Operat\u00f6rs\u00fcz veya operat\u00f6rl\u00fc kiralama imkan\u0131<\/p>\n<p data-start=\"375\" data-end=\"495\">\u015eantiye, altyap\u0131, peyzaj ve di\u011fer projeleriniz i\u00e7in ideal \u00e7\u00f6z\u00fcm!<br data-start=\"439\" data-end=\"442\" \/>Detayl\u0131 bilgi ve fiyat i\u00e7in ileti\u015fime ge\u00e7ebilirsiniz.<\/p>\n","protected":false},"featured_media":3537,"comment_status":"open","ping_status":"closed","template":"","meta":[],"product_cat":[73],"product_tag":[102,101,103,100],"class_list":{"0":"post-3141","1":"product","2":"type-product","3":"status-publish","4":"has-post-thumbnail","6":"product_cat-kiralikmakina","7":"product_tag-bobcat-makina","8":"product_tag-bobcat-s450","9":"product_tag-kiralik-makina","10":"product_tag-s450","12":"first","13":"instock","14":"shipping-taxable","15":"product-type-simple"},"jetpack_sharing_enabled":true,"_links":{"self":[{"href":"http:\/\/hidro-tekmakina.com\/index.php\/wp-json\/wp\/v2\/product\/3141","targetHints":{"allow":["GET"]}}],"collection":[{"href":"http:\/\/hidro-tekmakina.com\/index.php\/wp-json\/wp\/v2\/product"}],"about":[{"href":"http:\/\/hidro-tekmakina.com\/index.php\/wp-json\/wp\/v2\/types\/product"}],"replies":[{"embeddable":true,"href":"http:\/\/hidro-tekmakina.com\/index.php\/wp-json\/wp\/v2\/comments?post=3141"}],"wp:featuredmedia":[{"embeddable":true,"href":"http:\/\/hidro-tekmakina.com\/index.php\/wp-json\/wp\/v2\/media\/3537"}],"wp:attachment":[{"href":"http:\/\/hidro-tekmakina.com\/index.php\/wp-json\/wp\/v2\/media?parent=3141"}],"wp:term":[{"taxonomy":"product_cat","embeddable":true,"href":"http:\/\/hidro-tekmakina.com\/index.php\/wp-json\/wp\/v2\/product_cat?post=3141"},{"taxonomy":"product_tag","embeddable":true,"href":"http:\/\/hidro-tekmakina.com\/index.php\/wp-json\/wp\/v2\/product_tag?post=3141"}],"curies":[{"name":"wp","href":"https:\/\/api.w.org\/{rel}","templated":true}]}}