{"id":20,"date":"2018-11-07T16:15:07","date_gmt":"2018-11-07T16:15:07","guid":{"rendered":"http:\/\/zidex.modeltheme.com\/?page_id=20"},"modified":"2025-05-23T00:41:48","modified_gmt":"2025-05-22T21:41:48","slug":"anasayfa","status":"publish","type":"page","link":"https:\/\/hidro-tekmakina.com\/","title":{"rendered":"ANASAYFA"},"content":{"rendered":"<div class=\"wpb-content-wrapper\"><p>[vc_row full_width=&#8221;stretch_row&#8221; css=&#8221;.vc_custom_1747780066621{padding-top: 180px !important;padding-bottom: 120px !important;background-image: url(http:\/\/hidro-tekmakina.com\/wp-content\/uploads\/2025\/05\/business-hidro-tek-1.png?id=3509) !important;background-position: center !important;background-repeat: no-repeat !important;background-size: cover !important;}&#8221;][vc_column][vc_row_inner el_class=&#8221;btn-size&#8221;][vc_column_inner][vc_custom_heading text=&#8221;&#8221; font_container=&#8221;tag:h2|font_size:44|text_align:center|color:%23ffffff|line_height:55px&#8221; google_fonts=&#8221;font_family:Oswald%3A300%2Cregular%2C700|font_style:700%20bold%20regular%3A700%3Anormal&#8221; css_animation=&#8221;fadeInLeft&#8221; css=&#8221;&#8221;][vc_empty_space]<style type=\"text\/css\">\n                .modeltheme_button .btn_custom_69e372696d9d9 {\n                  background: #f6a409 !important; \/* Old browsers *\/\n                  transform: scale(1.0);\n                  transition: all 300ms ease-in-out 0s;\n                  -ms-transformtransition: all 300ms ease-in-out 0s;\n                  -webkit-transformtransition: all 300ms ease-in-out 0s;\n                }\n                .modeltheme_button .button-winona:hover,\n                .modeltheme_button .button-winona::before, \n                .modeltheme_button .button-winona::after {\n                  background:  !important;\n                  transition: all 300ms ease-in-out 0s;\n                  -ms-transformtransition: all 300ms ease-in-out 0s;\n                  -webkit-transformtransition: all 300ms ease-in-out 0s;\n                }\n              <\/style><div class=\"text-center modeltheme_button wow bounce\"><a href=\"http:\/\/hidro-tekmakina.com\/index.php\/servis-randevu-2\/\" class=\"button-winona btn btn-sm btn_custom_69e372696d9d9\" style=\" \">SERV\u0130S \u00c7A\u011eIR<\/a><\/div>[\/vc_column_inner][\/vc_row_inner][\/vc_column][\/vc_row][vc_row content_placement=&#8221;bottom&#8221; css=&#8221;.vc_custom_1747949143623{margin-top: -185px !important;margin-right: 0px !important;margin-bottom: 120px !important;margin-left: 0px !important;background-color: #ffffff !important;}&#8221; el_class=&#8221;zidex_home_sector&#8221;][vc_column width=&#8221;1\/3&#8243; css=&#8221;.vc_custom_1747949559199{margin-top: -250px !important;padding-top: 0px !important;padding-right: 0px !important;padding-bottom: 0px !important;padding-left: 0px !important;background-color: #ffffff !important;}&#8221;]<a href=\"\" class=\"mt_thumbnails_custom_content_link \"><div class=\"mt_thumbnails_custom_content_link_content\" data-animate=\"no_animation\" style=\"text-align:left\"><img decoding=\"async\" data-holder-rendered=\"true\" src=\"https:\/\/hidro-tekmakina.com\/wp-content\/uploads\/2018\/11\/home_link_icon1-2.png\" data-src=\"https:\/\/hidro-tekmakina.com\/wp-content\/uploads\/2018\/11\/home_link_icon1-2.png\" alt=\"Profesyonel Ekibimiz ile Kalite ve G\u00fcvenilirlik\"><div class=\"caption\"><h3>Profesyonel Ekibimiz ile Kalite ve G\u00fcvenilirlik<\/h3><p>H\u0130DRO-TEK MAK\u0130NA olarak, i\u015f makinesi sekt\u00f6r\u00fcndeki ba\u015far\u0131m\u0131z\u0131n arkas\u0131nda alan\u0131nda uzman bir kadro bulunuyor. Her biri kendi alan\u0131nda deneyimli ve e\u011fitimli olan ekibimiz, projelerinizin her a\u015famas\u0131nda y\u00fcksek standartlar\u0131 ve m\u00fckemmeliyeti hedefler.<\/p><\/div><\/div><\/a>[\/vc_column][vc_column width=&#8221;1\/3&#8243; css=&#8221;.vc_custom_1544027149348{padding-top: 0px !important;padding-right: 0px !important;padding-bottom: 0px !important;padding-left: 0px !important;background-color: #ffffff !important;}&#8221;]<a href=\"\" class=\"mt_thumbnails_custom_content_link \"><div class=\"mt_thumbnails_custom_content_link_content\" data-animate=\"no_animation\" style=\"text-align:left\"><img decoding=\"async\" data-holder-rendered=\"true\" src=\"https:\/\/hidro-tekmakina.com\/wp-content\/uploads\/2018\/11\/home_link_icon3-1.png\" data-src=\"https:\/\/hidro-tekmakina.com\/wp-content\/uploads\/2018\/11\/home_link_icon3-1.png\" alt=\"Kaliteli ve G\u00fcvenilir Yedek Par\u00e7alar ile Kesintisiz Performans\"><div class=\"caption\"><h3>Kaliteli ve G\u00fcvenilir Yedek Par\u00e7alar ile Kesintisiz Performans<\/h3><p>H\u0130DRO-TEK MAK\u0130NA, i\u015f makinelerinizin uzun \u00f6m\u00fcrl\u00fc ve verimli \u00e7al\u0131\u015fmas\u0131n\u0131 sa\u011flamak i\u00e7in geni\u015f bir yedek par\u00e7a yelpazesi sunar. Yedek par\u00e7alar\u0131m\u0131z, y\u00fcksek kalite standartlar\u0131na uygun olarak \u00fcretilmi\u015ftir ve makinelerinizin performans\u0131n\u0131 en \u00fcst d\u00fczeye \u00e7\u0131karmak i\u00e7in tasarlanm\u0131\u015ft\u0131r.<\/p><\/div><\/div><\/a>[\/vc_column][vc_column width=&#8221;1\/3&#8243; css=&#8221;.vc_custom_1541689590363{border-right-width: 0px !important;padding-top: 0px !important;padding-right: 0px !important;padding-bottom: 0px !important;padding-left: 0px !important;background-color: #ffffff !important;border-right-color: rgba(0,0,0,0.01) !important;}&#8221;]<a href=\"\" class=\"mt_thumbnails_custom_content_link \"><div class=\"mt_thumbnails_custom_content_link_content\" data-animate=\"no_animation\" style=\"text-align:left\"><img decoding=\"async\" data-holder-rendered=\"true\" src=\"https:\/\/hidro-tekmakina.com\/wp-content\/uploads\/2018\/11\/operator-1.png\" data-src=\"https:\/\/hidro-tekmakina.com\/wp-content\/uploads\/2018\/11\/operator-1.png\" alt=\"M\u00fc\u015fteri Hizmetlerinde Kolay ve H\u0131zl\u0131 Eri\u015fim\"><div class=\"caption\"><h3>M\u00fc\u015fteri Hizmetlerinde Kolay ve H\u0131zl\u0131 Eri\u015fim<\/h3><p>H\u0130DRO-TEK MAK\u0130NA olarak, m\u00fc\u015fterilerimizin ihtiya\u00e7lar\u0131na h\u0131zl\u0131 ve etkili bir \u015fekilde yan\u0131t vermeyi \u00f6ncelikli hedefimiz olarak belirliyoruz. Size en iyi hizmeti sunmak i\u00e7in \u00e7e\u015fitli ileti\u015fim kanallar\u0131m\u0131zla her zaman ula\u015f\u0131labiliriz.<\/p><\/div><\/div><\/a>[\/vc_column][\/vc_row][vc_row full_width=&#8221;stretch_row&#8221; css=&#8221;.vc_custom_1544094391911{margin-bottom: 10px !important;background-color: #ffffff !important;}&#8221;][vc_column][vc_row_inner][vc_column_inner]<div class=\"title-subtile-holder  animateIn text_left title_subtitle_style_v2 subtitle_right\" data-animate=\"no_animation\"><h3 style=\"\" class=\"section-title dark_title\">MARKALAR<\/h3><div style=\"\" class=\"section-subtitle dark_subtitle\">Uzman\u0131 oldu\u011fumuz markalar<\/div><\/div>[\/vc_column_inner][\/vc_row_inner][vc_row_inner][vc_column_inner width=&#8221;1\/3&#8243; css=&#8221;.vc_custom_1747950092897{margin-top: 10px !important;}&#8221;][vc_single_image image=&#8221;3435&#8243; img_size=&#8221;full&#8221; alignment=&#8221;center&#8221; css=&#8221;.vc_custom_1747949669406{margin-top: 0px !important;}&#8221;][\/vc_column_inner][vc_column_inner width=&#8221;1\/3&#8243;][vc_single_image image=&#8221;3428&#8243; img_size=&#8221;full&#8221; alignment=&#8221;center&#8221; css=&#8221;&#8221;][\/vc_column_inner][vc_column_inner width=&#8221;1\/3&#8243; css=&#8221;.vc_custom_1747950062532{margin-top: 40px !important;}&#8221;][vc_single_image image=&#8221;3429&#8243; img_size=&#8221;full&#8221; alignment=&#8221;center&#8221; css=&#8221;.vc_custom_1747949976244{margin-top: 0px !important;}&#8221;][\/vc_column_inner][\/vc_row_inner][\/vc_column][\/vc_row][vc_row full_width=&#8221;stretch_row&#8221; css=&#8221;.vc_custom_1544094391911{margin-bottom: 10px !important;background-color: #ffffff !important;}&#8221;][vc_column][vc_row_inner][vc_column_inner]<div class=\"title-subtile-holder  animateIn text_left title_subtitle_style_v2 subtitle_right\" data-animate=\"no_animation\"><h3 style=\"\" class=\"section-title dark_title\">\u015e\u0130RKET\u0130M\u0130Z<\/h3><div style=\"\" class=\"section-subtitle dark_subtitle\">Ekibimizi G\u00fc\u00e7lendiriyoruz, \u015eirketimizi Geli\u015ftiriyoruz<\/div><\/div>[\/vc_column_inner][\/vc_row_inner][vc_row_inner][vc_column_inner width=&#8221;1\/3&#8243;]<a href=\"\" class=\"mt_thumbnails_custom_content_link \"><div class=\"mt_thumbnails_custom_content_link_content\" data-animate=\"\" style=\"text-align:left\"><img decoding=\"async\" data-holder-rendered=\"true\" src=\"https:\/\/hidro-tekmakina.com\/wp-content\/uploads\/2018\/11\/handshake-1.png\" data-src=\"https:\/\/hidro-tekmakina.com\/wp-content\/uploads\/2018\/11\/handshake-1.png\" alt=\"Uzman Ekip\"><div class=\"caption\"><h3>Uzman Ekip<\/h3><p>Alan\u0131nda uzman kadromuz, y\u0131llar\u0131n getirdi\u011fi tecr\u00fcbe ile her projeye profesyonel bir bak\u0131\u015f a\u00e7\u0131s\u0131 kazand\u0131r\u0131r. Ekip \u00e7al\u0131\u015fmas\u0131n\u0131n g\u00fcc\u00fcne inan\u0131yor ve birlikte en iyisini ba\u015farmay\u0131 hedefliyoruz.<\/p><\/div><\/div><\/a>[vc_empty_space height=&#8221;28px&#8221;]<a href=\"\" class=\"mt_thumbnails_custom_content_link \"><div class=\"mt_thumbnails_custom_content_link_content\" data-animate=\"\" style=\"text-align:left\"><img decoding=\"async\" data-holder-rendered=\"true\" src=\"https:\/\/hidro-tekmakina.com\/wp-content\/uploads\/2018\/11\/home_link_icon1-2.png\" data-src=\"https:\/\/hidro-tekmakina.com\/wp-content\/uploads\/2018\/11\/home_link_icon1-2.png\" alt=\"Kalite ve G\u00fcven\"><div class=\"caption\"><h3>Kalite ve G\u00fcven<\/h3><p>\u0130\u015fimizi her zaman en y\u00fcksek kalite standartlar\u0131na uygun \u015fekilde y\u00fcr\u00fct\u00fcyor, m\u00fc\u015fterilerimize g\u00fcven veren sonu\u00e7lar sunuyoruz. Kalite, bizim i\u00e7in sadece bir gereklilik de\u011fil, i\u015fimizin merkezindedir.<\/p><\/div><\/div><\/a>[vc_empty_space height=&#8221;28px&#8221;][\/vc_column_inner][vc_column_inner width=&#8221;1\/3&#8243;]<a href=\"\" class=\"mt_thumbnails_custom_content_link \"><div class=\"mt_thumbnails_custom_content_link_content\" data-animate=\"\" style=\"text-align:left\"><img decoding=\"async\" data-holder-rendered=\"true\" src=\"https:\/\/hidro-tekmakina.com\/wp-content\/uploads\/2018\/11\/Vector-Smart-Object1.png\" data-src=\"https:\/\/hidro-tekmakina.com\/wp-content\/uploads\/2018\/11\/Vector-Smart-Object1.png\" alt=\"Yenilik\u00e7i \u00c7\u00f6z\u00fcmler\"><div class=\"caption\"><h3>Yenilik\u00e7i \u00c7\u00f6z\u00fcmler<\/h3><p>De\u011fi\u015fen d\u00fcnyaya ayak uydurmak i\u00e7in s\u00fcrekli geli\u015fiyor ve en son teknolojileri kullanarak yenilik\u00e7i \u00e7\u00f6z\u00fcmler sunuyoruz. Sekt\u00f6r\u00fcm\u00fczde fark yaratan, s\u00fcrd\u00fcr\u00fclebilir projelere imza at\u0131yoruz.<\/p><\/div><\/div><\/a>[vc_empty_space height=&#8221;28px&#8221;]<a href=\"\" class=\"mt_thumbnails_custom_content_link \"><div class=\"mt_thumbnails_custom_content_link_content\" data-animate=\"\" style=\"text-align:left\"><img decoding=\"async\" data-holder-rendered=\"true\" src=\"https:\/\/hidro-tekmakina.com\/wp-content\/uploads\/2018\/11\/operator-1.png\" data-src=\"https:\/\/hidro-tekmakina.com\/wp-content\/uploads\/2018\/11\/operator-1.png\" alt=\"M\u00fc\u015fteri Odakl\u0131 Yakla\u015f\u0131m\"><div class=\"caption\"><h3>M\u00fc\u015fteri Odakl\u0131 Yakla\u015f\u0131m<\/h3><p>M\u00fc\u015fterilerimizin ihtiya\u00e7lar\u0131n\u0131 dinliyor, onlar\u0131n beklentilerini a\u015fan \u00e7\u00f6z\u00fcmler \u00fcretiyoruz. Her proje bizim i\u00e7in yeni bir f\u0131rsat, her m\u00fc\u015fteri ise uzun soluklu bir i\u015f birli\u011fi orta\u011f\u0131d\u0131r.<\/p><\/div><\/div><\/a>[vc_empty_space height=&#8221;28px&#8221;][\/vc_column_inner][vc_column_inner width=&#8221;1\/3&#8243;][vc_single_image image=&#8221;3474&#8243; img_size=&#8221;full&#8221; alignment=&#8221;center&#8221; css_animation=&#8221;slideInRight&#8221; css=&#8221;&#8221;][\/vc_column_inner][\/vc_row_inner][\/vc_column][\/vc_row][vc_row full_width=&#8221;stretch_row&#8221; parallax=&#8221;content-moving&#8221; parallax_image=&#8221;943&#8243; parallax_speed_bg=&#8221;1&#8243; css=&#8221;.vc_custom_1548256290558{margin-bottom: 0px !important;padding-top: 75px !important;padding-bottom: 120px !important;}&#8221;][vc_column]<div class=\"vc_row\"><div class=\"wow  testimonials-shortcode-v1 testimonials-container-1  owl-carousel owl-theme\">\n                \t<div class=\"item vc_col-md-12 relative\">\n\t                \t<div class=\"testimonial01_item\">\n                          <div class=\"testimonail01-content\"><p>Bu yolda ilk ad\u0131mlar\u0131 atarken amac\u0131m, bir arada b\u00fcy\u00fcyen ve geli\u015fen bir topluluk olu\u015fturmakt\u0131.<\/p>\n<\/div>\n                          <div class=\"testimonial01-img-holder pull-left col-md-6 col-xs-6\">\n                              <div class=\"testimonial01-img\"><img decoding=\"async\" src=\"https:\/\/hidro-tekmakina.com\/wp-content\/uploads\/2018\/11\/MEHMET-BAYRAK.jpeg\" alt=\"Mehmet BAYRAK\" \/><\/div>\n                          <\/div>\n                          <div class=\"testimonail01-title col-md-6 col-xs-6\"> \n                             <h2 class=\"name-test\">Mehmet BAYRAK<\/h2>\n                             <span class=\"testimonial-position\">KURUCU-Y\u00d6NET\u0130C\u0130<\/span> <span class=\"testimonial-company\">H\u0130DRO-TEK MAK\u0130NA<\/span>\n                          <\/div>\n\n\t\t                    <\/div>\n\t                <\/div>\n                \t<div class=\"item vc_col-md-12 relative\">\n\t                \t<div class=\"testimonial01_item\">\n                          <div class=\"testimonail01-content\"><p>Ekibimizle birlikte her detaya \u00f6zen g\u00f6stererek kaliteli i\u015fler ortaya koyuyoruz.<\/p>\n<\/div>\n                          <div class=\"testimonial01-img-holder pull-left col-md-6 col-xs-6\">\n                              <div class=\"testimonial01-img\"><img decoding=\"async\" src=\"https:\/\/hidro-tekmakina.com\/wp-content\/uploads\/2018\/11\/AHMET-KAYA-3.jpeg\" alt=\"Ahmet KAYA\" \/><\/div>\n                          <\/div>\n                          <div class=\"testimonail01-title col-md-6 col-xs-6\"> \n                             <h2 class=\"name-test\">Ahmet KAYA<\/h2>\n                             <span class=\"testimonial-position\">AT\u00d6LYE \u015eEF\u0130<\/span> <span class=\"testimonial-company\">H\u0130DRO-TEK MAK\u0130NA<\/span>\n                          <\/div>\n\n\t\t                    <\/div>\n\t                <\/div>\n                \t<div class=\"item vc_col-md-12 relative\">\n\t                \t<div class=\"testimonial01_item\">\n                          <div class=\"testimonail01-content\"><p>Ba\u015far\u0131, sadece do\u011fru kararlar almakla de\u011fil, ekibin potansiyelini en iyi \u015fekilde de\u011ferlendirmekle gelir.<\/p>\n<\/div>\n                          <div class=\"testimonial01-img-holder pull-left col-md-6 col-xs-6\">\n                              <div class=\"testimonial01-img\"><img decoding=\"async\" src=\"https:\/\/hidro-tekmakina.com\/wp-content\/uploads\/2018\/11\/AHMET-BAYRAK.jpeg\" alt=\"Ahmet BAYRAK\" \/><\/div>\n                          <\/div>\n                          <div class=\"testimonail01-title col-md-6 col-xs-6\"> \n                             <h2 class=\"name-test\">Ahmet BAYRAK<\/h2>\n                             <span class=\"testimonial-position\">Y\u00d6NET\u0130C\u0130<\/span> <span class=\"testimonial-company\">H\u0130DRO-TEK MAK\u0130NA<\/span>\n                          <\/div>\n\n\t\t                    <\/div>\n\t                <\/div><\/div><\/div>[\/vc_column][\/vc_row][vc_row full_width=&#8221;stretch_row&#8221; css=&#8221;.vc_custom_1548242535504{margin-top: 0px !important;margin-bottom: 0px !important;padding-top: 120px !important;padding-bottom: 85px !important;background-image: url(https:\/\/zidex.modeltheme.com\/wp-content\/uploads\/2018\/12\/parallax-img012a.png?id=782) !important;}&#8221;][vc_column width=&#8221;1\/3&#8243; css=&#8221;.vc_custom_1544094874114{padding-top: 0px !important;padding-right: 30px !important;padding-bottom: 0px !important;padding-left: 0px !important;}&#8221; el_class=&#8221;home_get_a_quote&#8221;][vc_single_image image=&#8221;3473&#8243; img_size=&#8221;full&#8221; alignment=&#8221;center&#8221; style=&#8221;vc_box_shadow_3d&#8221; css_animation=&#8221;slideInLeft&#8221; css=&#8221;&#8221;][\/vc_column][vc_column width=&#8221;2\/3&#8243; css=&#8221;.vc_custom_1727186388427{padding-top: 30px !important;}&#8221;]<div class=\"title-subtile-holder  animateIn text_left title_subtitle_style_v2 subtitle_right\" data-animate=\"no_animation\"><h3 style=\"\" class=\"section-title dark_title\">Kazan\u0131mlar<\/h3><div style=\"\" class=\"section-subtitle dark_subtitle\">Ba\u015far\u0131lar\u0131m\u0131z\u0131 Rakamlarla \u0130fade Ediyoruz<\/div><\/div>[vc_empty_space height=&#8221;40px&#8221;][vc_column_text css=&#8221;.vc_custom_1727186315031{margin-bottom: 10px !important;}&#8221;]Y\u0131llar\u0131n getirdi\u011fi tecr\u00fcbe ve uzmanl\u0131\u011f\u0131m\u0131zla sekt\u00f6rde sa\u011flam ad\u0131mlarla ilerliyoruz. Geni\u015f hizmet a\u011f\u0131m\u0131z, g\u00fc\u00e7l\u00fc i\u015f ortakl\u0131klar\u0131m\u0131z ve m\u00fc\u015fteri memnuniyetine dayal\u0131 \u00e7al\u0131\u015fma anlay\u0131\u015f\u0131m\u0131zla b\u00fcy\u00fcmeye devam ediyoruz. A\u015fa\u011f\u0131da, ba\u015far\u0131lar\u0131m\u0131z\u0131 rakamlarla \u00f6zetliyoruz.[\/vc_column_text][vc_empty_space height=&#8221;40px&#8221;][vc_row_inner][vc_column_inner width=&#8221;1\/3&#8243;]<div class=\"stats-block statistics wow no_animation\"><div class=\"stats-img\"><\/div><div class=\"stats-content percentage\" data-perc=\"36\" style=\"background:#ffffff\"><span class=\"skill-count\" style=\"color: #151515\">36<\/span><p style=\"color: #999999\">Sekt\u00f6rde ki Toplam \u0130\u015f Tecr\u00fcbemiz (Y\u0131l)<\/p><\/div><\/div>[vc_empty_space height=&#8221;20px&#8221;][\/vc_column_inner][vc_column_inner width=&#8221;1\/3&#8243;]<div class=\"stats-block statistics wow no_animation\"><div class=\"stats-img\"><\/div><div class=\"stats-content percentage\" data-perc=\"13\" style=\"background:#ffffff\"><span class=\"skill-count\" style=\"color: #151515\">13<\/span><p style=\"color: #999999\">Kazan\u0131lan Mesleki Yeterlilik Belgelerimiz<\/p><\/div><\/div>[vc_empty_space height=&#8221;20px&#8221;][\/vc_column_inner][vc_column_inner width=&#8221;1\/3&#8243;]<div class=\"stats-block statistics wow no_animation\"><div class=\"stats-img\"><\/div><div class=\"stats-content percentage\" data-perc=\"67\" style=\"background:#ffffff\"><span class=\"skill-count\" style=\"color: #151515\">67<\/span><p style=\"color: #999999\">Kat\u0131ld\u0131\u011f\u0131m\u0131z E\u011fitim Programlar\u0131<\/p><\/div><\/div>[\/vc_column_inner][\/vc_row_inner][\/vc_column][\/vc_row]<\/p>\n<\/div>","protected":false},"excerpt":{"rendered":"<p>[vc_row full_width=&#8221;stretch_row&#8221; css=&#8221;.vc_custom_1747780066621{padding-top: 180px !important;padding-bottom: 120px !important;background-image: url(http:\/\/hidro-tekmakina.com\/wp-content\/uploads\/2025\/05\/business-hidro-tek-1.png?id=3509) !important;background-position: center !important;background-repeat: no-repeat !important;background-size: cover !important;}&#8221;][vc_column][vc_row_inner el_class=&#8221;btn-size&#8221;][vc_column_inner][vc_custom_heading text=&#8221;&#8221; font_container=&#8221;tag:h2|font_size:44|text_align:center|color:%23ffffff|line_height:55px&#8221; google_fonts=&#8221;font_family:Oswald%3A300%2Cregular%2C700|font_style:700%20bold%20regular%3A700%3Anormal&#8221; css_animation=&#8221;fadeInLeft&#8221; css=&#8221;&#8221;][vc_empty_space][\/vc_column_inner][\/vc_row_inner][\/vc_column][\/vc_row][vc_row content_placement=&#8221;bottom&#8221; css=&#8221;.vc_custom_1747949143623{margin-top: -185px !important;margin-right: 0px !important;margin-bottom: 120px !important;margin-left: 0px !important;background-color: #ffffff !important;}&#8221; el_class=&#8221;zidex_home_sector&#8221;][vc_column width=&#8221;1\/3&#8243; css=&#8221;.vc_custom_1747949559199{margin-top: -250px !important;padding-top: 0px !important;padding-right: 0px !important;padding-bottom: 0px !important;padding-left: 0px !important;background-color: #ffffff !important;}&#8221;][\/vc_column][vc_column width=&#8221;1\/3&#8243; css=&#8221;.vc_custom_1544027149348{padding-top: 0px !important;padding-right: 0px !important;padding-bottom: 0px [&hellip;]<\/p>\n","protected":false},"author":1,"featured_media":0,"parent":0,"menu_order":0,"comment_status":"closed","ping_status":"closed","template":"","meta":{"footnotes":""},"class_list":["post-20","page","type-page","status-publish","hentry"],"jetpack_sharing_enabled":true,"_links":{"self":[{"href":"https:\/\/hidro-tekmakina.com\/index.php\/wp-json\/wp\/v2\/pages\/20","targetHints":{"allow":["GET"]}}],"collection":[{"href":"https:\/\/hidro-tekmakina.com\/index.php\/wp-json\/wp\/v2\/pages"}],"about":[{"href":"https:\/\/hidro-tekmakina.com\/index.php\/wp-json\/wp\/v2\/types\/page"}],"author":[{"embeddable":true,"href":"https:\/\/hidro-tekmakina.com\/index.php\/wp-json\/wp\/v2\/users\/1"}],"replies":[{"embeddable":true,"href":"https:\/\/hidro-tekmakina.com\/index.php\/wp-json\/wp\/v2\/comments?post=20"}],"version-history":[{"count":99,"href":"https:\/\/hidro-tekmakina.com\/index.php\/wp-json\/wp\/v2\/pages\/20\/revisions"}],"predecessor-version":[{"id":3528,"href":"https:\/\/hidro-tekmakina.com\/index.php\/wp-json\/wp\/v2\/pages\/20\/revisions\/3528"}],"wp:attachment":[{"href":"https:\/\/hidro-tekmakina.com\/index.php\/wp-json\/wp\/v2\/media?parent=20"}],"curies":[{"name":"wp","href":"https:\/\/api.w.org\/{rel}","templated":true}]}}